{"id":23237,"date":"2024-09-09T16:27:44","date_gmt":"2024-09-09T14:27:44","guid":{"rendered":"https:\/\/www.test.dimacsrl.com\/?page_id=23237"},"modified":"2025-10-16T10:26:16","modified_gmt":"2025-10-16T08:26:16","slug":"msa-test-et-metrologie","status":"publish","type":"page","link":"https:\/\/www.dimacsrl.com\/fr\/msa-test-and-metrology\/","title":{"rendered":"MSA Test &amp; Metrology"},"content":{"rendered":"\t\t<div data-elementor-type=\"wp-page\" data-elementor-id=\"23237\" class=\"elementor elementor-23237\" data-elementor-post-type=\"page\">\n\t\t\t\t<div class=\"elementor-element elementor-element-8a2e45f e-flex e-con-boxed e-con e-parent\" data-id=\"8a2e45f\" data-element_type=\"container\" data-e-type=\"container\" data-settings=\"{&quot;sticky&quot;:&quot;top&quot;,&quot;sticky_on&quot;:[&quot;desktop&quot;,&quot;tablet&quot;],&quot;sticky_offset&quot;:0,&quot;sticky_effects_offset&quot;:0,&quot;sticky_anchor_link_offset&quot;:0}\">\n\t\t\t\t\t<div class=\"e-con-inner\">\n\t\t<div class=\"elementor-element elementor-element-3d1c529 e-con-full e-flex e-con e-child\" data-id=\"3d1c529\" data-element_type=\"container\" data-e-type=\"container\">\n\t\t\t\t<div class=\"elementor-element elementor-element-770ce58 elementor-hidden-mobile elementor-widget elementor-widget-spacer\" data-id=\"770ce58\" data-element_type=\"widget\" data-e-type=\"widget\" data-widget_type=\"spacer.default\">\n\t\t\t\t<div class=\"elementor-widget-container\">\n\t\t\t\t\t\t\t<div class=\"elementor-spacer\">\n\t\t\t<div class=\"elementor-spacer-inner\"><\/div>\n\t\t<\/div>\n\t\t\t\t\t\t<\/div>\n\t\t\t\t<\/div>\n\t\t\t\t<div class=\"elementor-element elementor-element-1041c6b elementor-widget elementor-widget-text-editor\" data-id=\"1041c6b\" data-element_type=\"widget\" data-e-type=\"widget\" data-widget_type=\"text-editor.default\">\n\t\t\t\t<div class=\"elementor-widget-container\">\n\t\t\t\t\t\t\t\t\t<div><h2>MSA Test &amp; Metrology<\/h2><\/div>\t\t\t\t\t\t\t\t<\/div>\n\t\t\t\t<\/div>\n\t\t\t\t<div class=\"elementor-element elementor-element-6f5ab01 elementor-widget elementor-widget-text-editor\" data-id=\"6f5ab01\" data-element_type=\"widget\" data-e-type=\"widget\" data-widget_type=\"text-editor.default\">\n\t\t\t\t<div class=\"elementor-widget-container\">\n\t\t\t\t\t\t\t\t\t<h1>Verify the quality of your quality guarantee<\/h1>\t\t\t\t\t\t\t\t<\/div>\n\t\t\t\t<\/div>\n\t\t\t\t<div class=\"elementor-element elementor-element-a4f3a7b elementor-widget-divider--view-line elementor-widget elementor-widget-divider\" data-id=\"a4f3a7b\" data-element_type=\"widget\" data-e-type=\"widget\" data-widget_type=\"divider.default\">\n\t\t\t\t<div class=\"elementor-widget-container\">\n\t\t\t\t\t\t\t<div class=\"elementor-divider\">\n\t\t\t<span class=\"elementor-divider-separator\">\n\t\t\t\t\t\t<\/span>\n\t\t<\/div>\n\t\t\t\t\t\t<\/div>\n\t\t\t\t<\/div>\n\t\t\t\t<div class=\"elementor-element elementor-element-af4c25b elementor-widget elementor-widget-text-editor\" data-id=\"af4c25b\" data-element_type=\"widget\" data-e-type=\"widget\" data-widget_type=\"text-editor.default\">\n\t\t\t\t<div class=\"elementor-widget-container\">\n\t\t\t\t\t\t\t\t\t<p>Through metrological verification reports and MSA tests, Dimac supports you in IATF, ISO, or other quality audits, whether at the commissioning of new machines or during the machine&#8217;s life.<\/p>\t\t\t\t\t\t\t\t<\/div>\n\t\t\t\t<\/div>\n\t\t\t\t<\/div>\n\t\t<div class=\"elementor-element elementor-element-8ec5ade e-con-full e-flex elementor-invisible e-con e-child\" data-id=\"8ec5ade\" data-element_type=\"container\" data-e-type=\"container\" data-settings=\"{&quot;animation&quot;:&quot;fadeIn&quot;}\">\n\t\t\t\t<div class=\"elementor-element elementor-element-0d5d0e5 elementor-widget elementor-widget-image\" data-id=\"0d5d0e5\" data-element_type=\"widget\" data-e-type=\"widget\" data-widget_type=\"image.default\">\n\t\t\t\t<div class=\"elementor-widget-container\">\n\t\t\t\t\t\t\t\t\t\t\t\t\t\t\t<img fetchpriority=\"high\" decoding=\"async\" width=\"800\" height=\"800\" src=\"https:\/\/www.dimacsrl.com\/wp-content\/uploads\/2024\/09\/MST-test.webp\" class=\"attachment-large size-large wp-image-23547\" alt=\"Dimac MSA test\" srcset=\"https:\/\/www.dimacsrl.com\/wp-content\/uploads\/2024\/09\/MST-test.webp 800w, https:\/\/www.dimacsrl.com\/wp-content\/uploads\/2024\/09\/MST-test-300x300.webp 300w, https:\/\/www.dimacsrl.com\/wp-content\/uploads\/2024\/09\/MST-test-150x150.webp 150w, https:\/\/www.dimacsrl.com\/wp-content\/uploads\/2024\/09\/MST-test-768x768.webp 768w\" sizes=\"(max-width: 800px) 100vw, 800px\" \/>\t\t\t\t\t\t\t\t\t\t\t\t\t\t\t<\/div>\n\t\t\t\t<\/div>\n\t\t\t\t<\/div>\n\t\t\t\t\t<\/div>\n\t\t\t\t<\/div>\n\t\t<div class=\"elementor-element elementor-element-5ebd8e7 e-flex e-con-boxed e-con e-parent\" data-id=\"5ebd8e7\" data-element_type=\"container\" data-e-type=\"container\" data-settings=\"{&quot;background_background&quot;:&quot;classic&quot;}\">\n\t\t\t\t\t<div class=\"e-con-inner\">\n\t\t<div class=\"elementor-element elementor-element-7884a43 e-con-full e-flex e-con e-child\" data-id=\"7884a43\" data-element_type=\"container\" data-e-type=\"container\">\n\t\t<div class=\"elementor-element elementor-element-4b54ea3 e-con-full e-flex e-con e-child\" data-id=\"4b54ea3\" data-element_type=\"container\" data-e-type=\"container\">\n\t\t\t\t<div class=\"elementor-element elementor-element-a62f8b7 elementor-widget elementor-widget-spacer\" data-id=\"a62f8b7\" data-element_type=\"widget\" data-e-type=\"widget\" data-widget_type=\"spacer.default\">\n\t\t\t\t<div class=\"elementor-widget-container\">\n\t\t\t\t\t\t\t<div class=\"elementor-spacer\">\n\t\t\t<div class=\"elementor-spacer-inner\"><\/div>\n\t\t<\/div>\n\t\t\t\t\t\t<\/div>\n\t\t\t\t<\/div>\n\t\t\t\t<div class=\"elementor-element elementor-element-63ae288 elementor-widget elementor-widget-text-editor\" data-id=\"63ae288\" data-element_type=\"widget\" data-e-type=\"widget\" data-widget_type=\"text-editor.default\">\n\t\t\t\t<div class=\"elementor-widget-container\">\n\t\t\t\t\t\t\t\t\t<h3 style=\"text-align: left;\">Metrological Verification<\/h3>\t\t\t\t\t\t\t\t<\/div>\n\t\t\t\t<\/div>\n\t\t\t\t<\/div>\n\t\t<div class=\"elementor-element elementor-element-3ba218e e-con-full e-flex e-con e-child\" data-id=\"3ba218e\" data-element_type=\"container\" data-e-type=\"container\">\n\t\t<div class=\"elementor-element elementor-element-a93654a e-con-full e-grid e-con e-child\" data-id=\"a93654a\" data-element_type=\"container\" data-e-type=\"container\">\n\t\t<div class=\"elementor-element elementor-element-0427822 e-flex e-con-boxed e-con e-child\" data-id=\"0427822\" data-element_type=\"container\" data-e-type=\"container\">\n\t\t\t\t\t<div class=\"e-con-inner\">\n\t\t\t\t<div class=\"elementor-element elementor-element-1cdabd6 animated-fast elementor-invisible elementor-widget elementor-widget-image\" data-id=\"1cdabd6\" data-element_type=\"widget\" data-e-type=\"widget\" data-settings=\"{&quot;_animation&quot;:&quot;zoomIn&quot;}\" data-widget_type=\"image.default\">\n\t\t\t\t<div class=\"elementor-widget-container\">\n\t\t\t\t\t\t\t\t\t\t\t\t\t\t\t<img decoding=\"async\" width=\"150\" height=\"150\" data-src=\"https:\/\/www.dimacsrl.com\/wp-content\/uploads\/2024\/09\/icone_MSA_Tavola-disegno-1-copia-30.webp\" class=\"attachment-full size-full wp-image-23551 lazyload\" alt=\"\" src=\"data:image\/svg+xml;base64,PHN2ZyB3aWR0aD0iMSIgaGVpZ2h0PSIxIiB4bWxucz0iaHR0cDovL3d3dy53My5vcmcvMjAwMC9zdmciPjwvc3ZnPg==\" style=\"--smush-placeholder-width: 150px; --smush-placeholder-aspect-ratio: 150\/150;\" \/>\t\t\t\t\t\t\t\t\t\t\t\t\t\t\t<\/div>\n\t\t\t\t<\/div>\n\t\t\t\t<div class=\"elementor-element elementor-element-d462ab9 elementor-widget elementor-widget-text-editor\" data-id=\"d462ab9\" data-element_type=\"widget\" data-e-type=\"widget\" data-widget_type=\"text-editor.default\">\n\t\t\t\t<div class=\"elementor-widget-container\">\n\t\t\t\t\t\t\t\t\t<p style=\"text-align: center;\"><b>INTERNATIONAL METROLOGY <br \/>STANDARDS<\/b><\/p>\t\t\t\t\t\t\t\t<\/div>\n\t\t\t\t<\/div>\n\t\t\t\t\t<\/div>\n\t\t\t\t<\/div>\n\t\t<div class=\"elementor-element elementor-element-ad7526c e-flex e-con-boxed e-con e-child\" data-id=\"ad7526c\" data-element_type=\"container\" data-e-type=\"container\">\n\t\t\t\t\t<div class=\"e-con-inner\">\n\t\t\t\t<div class=\"elementor-element elementor-element-d0a0e55 animated-fast elementor-invisible elementor-widget elementor-widget-image\" data-id=\"d0a0e55\" data-element_type=\"widget\" data-e-type=\"widget\" data-settings=\"{&quot;_animation&quot;:&quot;zoomIn&quot;}\" data-widget_type=\"image.default\">\n\t\t\t\t<div class=\"elementor-widget-container\">\n\t\t\t\t\t\t\t\t\t\t\t\t\t\t\t<img decoding=\"async\" width=\"150\" height=\"150\" data-src=\"https:\/\/www.dimacsrl.com\/wp-content\/uploads\/2024\/09\/icone_MSA_Tavola-disegno-1-copia-34.webp\" class=\"attachment-full size-full wp-image-23552 lazyload\" alt=\"\" src=\"data:image\/svg+xml;base64,PHN2ZyB3aWR0aD0iMSIgaGVpZ2h0PSIxIiB4bWxucz0iaHR0cDovL3d3dy53My5vcmcvMjAwMC9zdmciPjwvc3ZnPg==\" style=\"--smush-placeholder-width: 150px; --smush-placeholder-aspect-ratio: 150\/150;\" \/>\t\t\t\t\t\t\t\t\t\t\t\t\t\t\t<\/div>\n\t\t\t\t<\/div>\n\t\t\t\t<div class=\"elementor-element elementor-element-330f709 elementor-widget elementor-widget-text-editor\" data-id=\"330f709\" data-element_type=\"widget\" data-e-type=\"widget\" data-widget_type=\"text-editor.default\">\n\t\t\t\t<div class=\"elementor-widget-container\">\n\t\t\t\t\t\t\t\t\t<p style=\"text-align: center;\"><b>RELEASE OF A<br \/>SIGNED REPORT<\/b><\/p>\t\t\t\t\t\t\t\t<\/div>\n\t\t\t\t<\/div>\n\t\t\t\t\t<\/div>\n\t\t\t\t<\/div>\n\t\t<div class=\"elementor-element elementor-element-e0a1960 e-flex e-con-boxed e-con e-child\" data-id=\"e0a1960\" data-element_type=\"container\" data-e-type=\"container\">\n\t\t\t\t\t<div class=\"e-con-inner\">\n\t\t\t\t<div class=\"elementor-element elementor-element-7558df4 animated-fast elementor-invisible elementor-widget elementor-widget-image\" data-id=\"7558df4\" data-element_type=\"widget\" data-e-type=\"widget\" data-settings=\"{&quot;_animation&quot;:&quot;zoomIn&quot;}\" data-widget_type=\"image.default\">\n\t\t\t\t<div class=\"elementor-widget-container\">\n\t\t\t\t\t\t\t\t\t\t\t\t\t\t\t<img decoding=\"async\" width=\"150\" height=\"150\" data-src=\"https:\/\/www.dimacsrl.com\/wp-content\/uploads\/2024\/09\/icone_MSA_Tavola-disegno-1-copia-35.webp\" class=\"attachment-full size-full wp-image-23553 lazyload\" alt=\"\" src=\"data:image\/svg+xml;base64,PHN2ZyB3aWR0aD0iMSIgaGVpZ2h0PSIxIiB4bWxucz0iaHR0cDovL3d3dy53My5vcmcvMjAwMC9zdmciPjwvc3ZnPg==\" style=\"--smush-placeholder-width: 150px; --smush-placeholder-aspect-ratio: 150\/150;\" \/>\t\t\t\t\t\t\t\t\t\t\t\t\t\t\t<\/div>\n\t\t\t\t<\/div>\n\t\t\t\t<div class=\"elementor-element elementor-element-e5aed0e elementor-widget elementor-widget-text-editor\" data-id=\"e5aed0e\" data-element_type=\"widget\" data-e-type=\"widget\" data-widget_type=\"text-editor.default\">\n\t\t\t\t<div class=\"elementor-widget-container\">\n\t\t\t\t\t\t\t\t\t<p style=\"text-align: center;\"><b>MSA1, MSA3,\u00a0<\/b><span style=\"text-align: var(--text-align); background-color: var( --e-global-color-b7066f4 );\"><b>STANDARD OR CUSTOMIZED PROCEDURES<\/b><\/span><\/p>\t\t\t\t\t\t\t\t<\/div>\n\t\t\t\t<\/div>\n\t\t\t\t\t<\/div>\n\t\t\t\t<\/div>\n\t\t\t\t<\/div>\n\t\t\t\t<div class=\"elementor-element elementor-element-824d19f elementor-widget elementor-widget-text-editor\" data-id=\"824d19f\" data-element_type=\"widget\" data-e-type=\"widget\" data-widget_type=\"text-editor.default\">\n\t\t\t\t<div class=\"elementor-widget-container\">\n\t\t\t\t\t\t\t\t\t<p><strong style=\"color: var( --e-global-color-text ); font-family: var( --e-global-typography-text-font-family ), Sans-serif; text-align: var(--text-align); background-color: var( --e-global-color-b7066f4 ); font-size: 15px;\">The test measures the accuracy of the machine in its current state. Dimac suggests a standard procedure, compliant with MSA1 and focused on the dimensional side camera.<\/strong><span style=\"color: var( --e-global-color-text ); font-family: var( --e-global-typography-text-font-family ), Sans-serif; font-weight: var( --e-global-typography-text-font-weight ); text-align: var(--text-align); background-color: var( --e-global-color-b7066f4 ); font-size: 15px;\"> Different procedures can be agreed upon by the customer.<\/span><\/p><div><div><ul><li>Measurement of the Metrological Performance of the Machine<\/li><li>Release of the official report<\/li><li>Interpretation of data<\/li><\/ul><p>Programmed maintenance and metrological verification are two distinct activity modules but they are generally purchased together.\u00a0<\/p><p><strong>The official report<\/strong> is developed by specialists at the Dimac headquarters, it is issued in the week following the intervention and is <strong>officially valid for law and regulations.<\/strong><\/p><\/div><\/div>\t\t\t\t\t\t\t\t<\/div>\n\t\t\t\t<\/div>\n\t\t\t\t<\/div>\n\t\t\t\t<\/div>\n\t\t\t\t<div class=\"elementor-element elementor-element-97b4e3a elementor-hidden-mobile elementor-widget elementor-widget-spacer\" data-id=\"97b4e3a\" data-element_type=\"widget\" data-e-type=\"widget\" data-widget_type=\"spacer.default\">\n\t\t\t\t<div class=\"elementor-widget-container\">\n\t\t\t\t\t\t\t<div class=\"elementor-spacer\">\n\t\t\t<div class=\"elementor-spacer-inner\"><\/div>\n\t\t<\/div>\n\t\t\t\t\t\t<\/div>\n\t\t\t\t<\/div>\n\t\t\t\t\t<\/div>\n\t\t\t\t<\/div>\n\t\t\t\t<\/div>\n\t\t","protected":false},"excerpt":{"rendered":"<p>Through metrological verification reports and MSA tests, Dimac supports you in IATF, ISO, or other quality audits, whether at the commissioning of new machines or during the machine&#8217;s life.<\/p>","protected":false},"author":1,"featured_media":0,"parent":0,"menu_order":0,"comment_status":"closed","ping_status":"closed","template":"","meta":{"_monsterinsights_skip_tracking":false,"_monsterinsights_sitenote_active":false,"_monsterinsights_sitenote_note":"","_monsterinsights_sitenote_category":0,"footnotes":""},"class_list":["post-23237","page","type-page","status-publish","hentry"],"yoast_head":"<!-- This site is optimized with the Yoast SEO plugin v27.3 - https:\/\/yoast.com\/product\/yoast-seo-wordpress\/ -->\n<title>MSA test &amp; Metrology | DIMAC<\/title>\n<meta name=\"description\" content=\"Through metrological verification reports and MSA tests, Dimac supports you in IATF, ISO, or other quality audits. Discover more!\" \/>\n<meta name=\"robots\" content=\"index, follow, max-snippet:-1, max-image-preview:large, max-video-preview:-1\" \/>\n<link rel=\"canonical\" href=\"https:\/\/www.dimacsrl.com\/fr\/msa-test-et-metrologie\/\" \/>\n<meta property=\"og:locale\" content=\"fr_FR\" \/>\n<meta property=\"og:type\" content=\"article\" \/>\n<meta property=\"og:title\" content=\"MSA test &amp; Metrology | DIMAC\" \/>\n<meta property=\"og:description\" content=\"Through metrological verification reports and MSA tests, Dimac supports you in IATF, ISO, or other quality audits. Discover more!\" \/>\n<meta property=\"og:url\" content=\"https:\/\/www.dimacsrl.com\/fr\/msa-test-et-metrologie\/\" \/>\n<meta property=\"og:site_name\" content=\"Dimac - Automatic Quality Control Systems\" \/>\n<meta property=\"article:modified_time\" content=\"2025-10-16T08:26:16+00:00\" \/>\n<meta property=\"og:image\" content=\"https:\/\/www.dimacsrl.com\/wp-content\/uploads\/2024\/09\/MST-test.webp\" \/>\n<meta name=\"twitter:card\" content=\"summary_large_image\" \/>\n<meta name=\"twitter:label1\" content=\"Dur\u00e9e de lecture estim\u00e9e\" \/>\n\t<meta name=\"twitter:data1\" content=\"2 minutes\" \/>\n<script type=\"application\/ld+json\" class=\"yoast-schema-graph\">{\"@context\":\"https:\\\/\\\/schema.org\",\"@graph\":[{\"@type\":\"WebPage\",\"@id\":\"https:\\\/\\\/www.dimacsrl.com\\\/msa-test-and-metrology\\\/\",\"url\":\"https:\\\/\\\/www.dimacsrl.com\\\/msa-test-and-metrology\\\/\",\"name\":\"MSA test & Metrology | DIMAC\",\"isPartOf\":{\"@id\":\"https:\\\/\\\/www.dimacsrl.com\\\/#website\"},\"primaryImageOfPage\":{\"@id\":\"https:\\\/\\\/www.dimacsrl.com\\\/msa-test-and-metrology\\\/#primaryimage\"},\"image\":{\"@id\":\"https:\\\/\\\/www.dimacsrl.com\\\/msa-test-and-metrology\\\/#primaryimage\"},\"thumbnailUrl\":\"https:\\\/\\\/www.dimacsrl.com\\\/wp-content\\\/uploads\\\/2024\\\/09\\\/MST-test.webp\",\"datePublished\":\"2024-09-09T14:27:44+00:00\",\"dateModified\":\"2025-10-16T08:26:16+00:00\",\"description\":\"Through metrological verification reports and MSA tests, Dimac supports you in IATF, ISO, or other quality audits. Discover more!\",\"breadcrumb\":{\"@id\":\"https:\\\/\\\/www.dimacsrl.com\\\/msa-test-and-metrology\\\/#breadcrumb\"},\"inLanguage\":\"fr-FR\",\"potentialAction\":[{\"@type\":\"ReadAction\",\"target\":[\"https:\\\/\\\/www.dimacsrl.com\\\/msa-test-and-metrology\\\/\"]}]},{\"@type\":\"ImageObject\",\"inLanguage\":\"fr-FR\",\"@id\":\"https:\\\/\\\/www.dimacsrl.com\\\/msa-test-and-metrology\\\/#primaryimage\",\"url\":\"https:\\\/\\\/www.dimacsrl.com\\\/wp-content\\\/uploads\\\/2024\\\/09\\\/MST-test.webp\",\"contentUrl\":\"https:\\\/\\\/www.dimacsrl.com\\\/wp-content\\\/uploads\\\/2024\\\/09\\\/MST-test.webp\"},{\"@type\":\"BreadcrumbList\",\"@id\":\"https:\\\/\\\/www.dimacsrl.com\\\/msa-test-and-metrology\\\/#breadcrumb\",\"itemListElement\":[{\"@type\":\"ListItem\",\"position\":1,\"name\":\"Home\",\"item\":\"https:\\\/\\\/www.dimacsrl.com\\\/\"},{\"@type\":\"ListItem\",\"position\":2,\"name\":\"MSA Test &#038; Metrology\"}]},{\"@type\":\"WebSite\",\"@id\":\"https:\\\/\\\/www.dimacsrl.com\\\/#website\",\"url\":\"https:\\\/\\\/www.dimacsrl.com\\\/\",\"name\":\"Dimac - Automatic Quality Control Systems\",\"description\":\"Automatic quality control systems - 100% sorting &amp; spc of metal parts\",\"publisher\":{\"@id\":\"https:\\\/\\\/www.dimacsrl.com\\\/#organization\"},\"potentialAction\":[{\"@type\":\"SearchAction\",\"target\":{\"@type\":\"EntryPoint\",\"urlTemplate\":\"https:\\\/\\\/www.dimacsrl.com\\\/?s={search_term_string}\"},\"query-input\":{\"@type\":\"PropertyValueSpecification\",\"valueRequired\":true,\"valueName\":\"search_term_string\"}}],\"inLanguage\":\"fr-FR\"},{\"@type\":\"Organization\",\"@id\":\"https:\\\/\\\/www.dimacsrl.com\\\/#organization\",\"name\":\"Dimac - Automatic Quality Control Systems\",\"url\":\"https:\\\/\\\/www.dimacsrl.com\\\/\",\"logo\":{\"@type\":\"ImageObject\",\"inLanguage\":\"fr-FR\",\"@id\":\"https:\\\/\\\/www.dimacsrl.com\\\/#\\\/schema\\\/logo\\\/image\\\/\",\"url\":\"https:\\\/\\\/www.dimacsrl.com\\\/wp-content\\\/uploads\\\/2024\\\/04\\\/logo-Dimac-100-small.png\",\"contentUrl\":\"https:\\\/\\\/www.dimacsrl.com\\\/wp-content\\\/uploads\\\/2024\\\/04\\\/logo-Dimac-100-small.png\",\"width\":166,\"height\":67,\"caption\":\"Dimac - Automatic Quality Control Systems\"},\"image\":{\"@id\":\"https:\\\/\\\/www.dimacsrl.com\\\/#\\\/schema\\\/logo\\\/image\\\/\"}}]}<\/script>\n<!-- \/ Yoast SEO plugin. -->","yoast_head_json":{"title":"MSA test &amp; Metrology | DIMAC","description":"Gr\u00e2ce aux rapports de v\u00e9rification m\u00e9trologique et aux tests MSA, Dimac vous soutient dans les audits IATF, ISO et autres audits de qualit\u00e9. D\u00e9couvrez-en plus !","robots":{"index":"index","follow":"follow","max-snippet":"max-snippet:-1","max-image-preview":"max-image-preview:large","max-video-preview":"max-video-preview:-1"},"canonical":"https:\/\/www.dimacsrl.com\/fr\/msa-test-et-metrologie\/","og_locale":"fr_FR","og_type":"article","og_title":"MSA test & Metrology | DIMAC","og_description":"Through metrological verification reports and MSA tests, Dimac supports you in IATF, ISO, or other quality audits. Discover more!","og_url":"https:\/\/www.dimacsrl.com\/fr\/msa-test-et-metrologie\/","og_site_name":"Dimac - Automatic Quality Control Systems","article_modified_time":"2025-10-16T08:26:16+00:00","og_image":[{"url":"https:\/\/www.dimacsrl.com\/wp-content\/uploads\/2024\/09\/MST-test.webp","type":"","width":"","height":""}],"twitter_card":"summary_large_image","twitter_misc":{"Dur\u00e9e de lecture estim\u00e9e":"2 minutes"},"schema":{"@context":"https:\/\/schema.org","@graph":[{"@type":"WebPage","@id":"https:\/\/www.dimacsrl.com\/msa-test-and-metrology\/","url":"https:\/\/www.dimacsrl.com\/msa-test-and-metrology\/","name":"MSA test &amp; Metrology | DIMAC","isPartOf":{"@id":"https:\/\/www.dimacsrl.com\/#website"},"primaryImageOfPage":{"@id":"https:\/\/www.dimacsrl.com\/msa-test-and-metrology\/#primaryimage"},"image":{"@id":"https:\/\/www.dimacsrl.com\/msa-test-and-metrology\/#primaryimage"},"thumbnailUrl":"https:\/\/www.dimacsrl.com\/wp-content\/uploads\/2024\/09\/MST-test.webp","datePublished":"2024-09-09T14:27:44+00:00","dateModified":"2025-10-16T08:26:16+00:00","description":"Gr\u00e2ce aux rapports de v\u00e9rification m\u00e9trologique et aux tests MSA, Dimac vous soutient dans les audits IATF, ISO et autres audits de qualit\u00e9. D\u00e9couvrez-en plus !","breadcrumb":{"@id":"https:\/\/www.dimacsrl.com\/msa-test-and-metrology\/#breadcrumb"},"inLanguage":"fr-FR","potentialAction":[{"@type":"ReadAction","target":["https:\/\/www.dimacsrl.com\/msa-test-and-metrology\/"]}]},{"@type":"ImageObject","inLanguage":"fr-FR","@id":"https:\/\/www.dimacsrl.com\/msa-test-and-metrology\/#primaryimage","url":"https:\/\/www.dimacsrl.com\/wp-content\/uploads\/2024\/09\/MST-test.webp","contentUrl":"https:\/\/www.dimacsrl.com\/wp-content\/uploads\/2024\/09\/MST-test.webp"},{"@type":"BreadcrumbList","@id":"https:\/\/www.dimacsrl.com\/msa-test-and-metrology\/#breadcrumb","itemListElement":[{"@type":"ListItem","position":1,"name":"Home","item":"https:\/\/www.dimacsrl.com\/"},{"@type":"ListItem","position":2,"name":"MSA Test &#038; Metrology"}]},{"@type":"WebSite","@id":"https:\/\/www.dimacsrl.com\/#website","url":"https:\/\/www.dimacsrl.com\/","name":"Dimac - Syst\u00e8mes de contr\u00f4le automatique de la qualit\u00e9","description":"Syst\u00e8mes automatiques de contr\u00f4le de la qualit\u00e9 - 100% tri &amp; spc de pi\u00e8ces m\u00e9talliques","publisher":{"@id":"https:\/\/www.dimacsrl.com\/#organization"},"potentialAction":[{"@type":"SearchAction","target":{"@type":"EntryPoint","urlTemplate":"https:\/\/www.dimacsrl.com\/?s={search_term_string}"},"query-input":{"@type":"PropertyValueSpecification","valueRequired":true,"valueName":"search_term_string"}}],"inLanguage":"fr-FR"},{"@type":"Organization","@id":"https:\/\/www.dimacsrl.com\/#organization","name":"Dimac - Syst\u00e8mes de contr\u00f4le automatique de la qualit\u00e9","url":"https:\/\/www.dimacsrl.com\/","logo":{"@type":"ImageObject","inLanguage":"fr-FR","@id":"https:\/\/www.dimacsrl.com\/#\/schema\/logo\/image\/","url":"https:\/\/www.dimacsrl.com\/wp-content\/uploads\/2024\/04\/logo-Dimac-100-small.png","contentUrl":"https:\/\/www.dimacsrl.com\/wp-content\/uploads\/2024\/04\/logo-Dimac-100-small.png","width":166,"height":67,"caption":"Dimac - Automatic Quality Control Systems"},"image":{"@id":"https:\/\/www.dimacsrl.com\/#\/schema\/logo\/image\/"}}]}},"_links":{"self":[{"href":"https:\/\/www.dimacsrl.com\/fr\/wp-json\/wp\/v2\/pages\/23237","targetHints":{"allow":["GET"]}}],"collection":[{"href":"https:\/\/www.dimacsrl.com\/fr\/wp-json\/wp\/v2\/pages"}],"about":[{"href":"https:\/\/www.dimacsrl.com\/fr\/wp-json\/wp\/v2\/types\/page"}],"author":[{"embeddable":true,"href":"https:\/\/www.dimacsrl.com\/fr\/wp-json\/wp\/v2\/users\/1"}],"replies":[{"embeddable":true,"href":"https:\/\/www.dimacsrl.com\/fr\/wp-json\/wp\/v2\/comments?post=23237"}],"version-history":[{"count":63,"href":"https:\/\/www.dimacsrl.com\/fr\/wp-json\/wp\/v2\/pages\/23237\/revisions"}],"predecessor-version":[{"id":30506,"href":"https:\/\/www.dimacsrl.com\/fr\/wp-json\/wp\/v2\/pages\/23237\/revisions\/30506"}],"wp:attachment":[{"href":"https:\/\/www.dimacsrl.com\/fr\/wp-json\/wp\/v2\/media?parent=23237"}],"curies":[{"name":"wp","href":"https:\/\/api.w.org\/{rel}","templated":true}]}}