{"id":15874,"date":"2024-05-27T16:22:39","date_gmt":"2024-05-27T14:22:39","guid":{"rendered":"https:\/\/www.test.dimacsrl.com\/?page_id=15874"},"modified":"2025-10-16T09:59:07","modified_gmt":"2025-10-16T07:59:07","slug":"programas-de-manutencao","status":"publish","type":"page","link":"https:\/\/www.dimacsrl.com\/pt\/maintenance-programs\/","title":{"rendered":"Programas de manuten\u00e7\u00e3o"},"content":{"rendered":"\t\t<div data-elementor-type=\"wp-page\" data-elementor-id=\"15874\" class=\"elementor elementor-15874\" data-elementor-post-type=\"page\">\n\t\t\t\t<div class=\"elementor-element elementor-element-552af80 e-flex e-con-boxed e-con e-parent\" data-id=\"552af80\" data-element_type=\"container\" data-e-type=\"container\" data-settings=\"{&quot;sticky&quot;:&quot;top&quot;,&quot;sticky_on&quot;:[&quot;desktop&quot;,&quot;tablet&quot;],&quot;sticky_offset&quot;:0,&quot;sticky_effects_offset&quot;:0,&quot;sticky_anchor_link_offset&quot;:0}\">\n\t\t\t\t\t<div class=\"e-con-inner\">\n\t\t<div class=\"elementor-element elementor-element-c47c1ec e-con-full e-flex e-con e-child\" data-id=\"c47c1ec\" data-element_type=\"container\" data-e-type=\"container\">\n\t\t\t\t<div class=\"elementor-element elementor-element-16a86d0 elementor-hidden-mobile elementor-widget elementor-widget-spacer\" data-id=\"16a86d0\" data-element_type=\"widget\" data-e-type=\"widget\" data-widget_type=\"spacer.default\">\n\t\t\t\t<div class=\"elementor-widget-container\">\n\t\t\t\t\t\t\t<div class=\"elementor-spacer\">\n\t\t\t<div class=\"elementor-spacer-inner\"><\/div>\n\t\t<\/div>\n\t\t\t\t\t\t<\/div>\n\t\t\t\t<\/div>\n\t\t\t\t<div class=\"elementor-element elementor-element-cb21363 elementor-widget elementor-widget-text-editor\" data-id=\"cb21363\" data-element_type=\"widget\" data-e-type=\"widget\" data-widget_type=\"text-editor.default\">\n\t\t\t\t<div class=\"elementor-widget-container\">\n\t\t\t\t\t\t\t\t\t<div><h2>Maintenance<\/h2><\/div>\t\t\t\t\t\t\t\t<\/div>\n\t\t\t\t<\/div>\n\t\t\t\t<div class=\"elementor-element elementor-element-f77c4e5 elementor-widget elementor-widget-text-editor\" data-id=\"f77c4e5\" data-element_type=\"widget\" data-e-type=\"widget\" data-widget_type=\"text-editor.default\">\n\t\t\t\t<div class=\"elementor-widget-container\">\n\t\t\t\t\t\t\t\t\t<h1>We take <br \/>care of your Dimac machine<\/h1>\t\t\t\t\t\t\t\t<\/div>\n\t\t\t\t<\/div>\n\t\t\t\t<div class=\"elementor-element elementor-element-c88fa5e elementor-widget-divider--view-line elementor-widget elementor-widget-divider\" data-id=\"c88fa5e\" data-element_type=\"widget\" data-e-type=\"widget\" data-widget_type=\"divider.default\">\n\t\t\t\t<div class=\"elementor-widget-container\">\n\t\t\t\t\t\t\t<div class=\"elementor-divider\">\n\t\t\t<span class=\"elementor-divider-separator\">\n\t\t\t\t\t\t<\/span>\n\t\t<\/div>\n\t\t\t\t\t\t<\/div>\n\t\t\t\t<\/div>\n\t\t\t\t<div class=\"elementor-element elementor-element-a9c5e52 elementor-widget elementor-widget-text-editor\" data-id=\"a9c5e52\" data-element_type=\"widget\" data-e-type=\"widget\" data-widget_type=\"text-editor.default\">\n\t\t\t\t<div class=\"elementor-widget-container\">\n\t\t\t\t\t\t\t\t\t<h6>MAINTENANCE IS MADE BY DIMAC SPECIALISTS FOR RELIABLE QUALITY<\/h6>\t\t\t\t\t\t\t\t<\/div>\n\t\t\t\t<\/div>\n\t\t\t\t<div class=\"elementor-element elementor-element-254a0c8 elementor-widget elementor-widget-text-editor\" data-id=\"254a0c8\" data-element_type=\"widget\" data-e-type=\"widget\" data-widget_type=\"text-editor.default\">\n\t\t\t\t<div class=\"elementor-widget-container\">\n\t\t\t\t\t\t\t\t\t<p>They guarantee the performance and the reliability of your 100% inspection <b>to satisfy your customers\u2019 expectations, minimizing downtime. <\/b><\/p>\t\t\t\t\t\t\t\t<\/div>\n\t\t\t\t<\/div>\n\t\t\t\t<\/div>\n\t\t<div class=\"elementor-element elementor-element-20f3b95 e-con-full e-flex elementor-invisible e-con e-child\" data-id=\"20f3b95\" data-element_type=\"container\" data-e-type=\"container\" data-settings=\"{&quot;animation&quot;:&quot;fadeIn&quot;}\">\n\t\t\t\t<div class=\"elementor-element elementor-element-0fb610d elementor-widget elementor-widget-image\" data-id=\"0fb610d\" data-element_type=\"widget\" data-e-type=\"widget\" data-widget_type=\"image.default\">\n\t\t\t\t<div class=\"elementor-widget-container\">\n\t\t\t\t\t\t\t\t\t\t\t\t\t\t\t<img fetchpriority=\"high\" decoding=\"async\" width=\"800\" height=\"800\" src=\"https:\/\/www.dimacsrl.com\/wp-content\/uploads\/2024\/06\/programmi-manutenzione-1.webp\" class=\"attachment-large size-large wp-image-17193\" alt=\"Dimac technician checking the machine\" srcset=\"https:\/\/www.dimacsrl.com\/wp-content\/uploads\/2024\/06\/programmi-manutenzione-1.webp 800w, https:\/\/www.dimacsrl.com\/wp-content\/uploads\/2024\/06\/programmi-manutenzione-1-300x300.webp 300w, https:\/\/www.dimacsrl.com\/wp-content\/uploads\/2024\/06\/programmi-manutenzione-1-150x150.webp 150w, https:\/\/www.dimacsrl.com\/wp-content\/uploads\/2024\/06\/programmi-manutenzione-1-768x768.webp 768w\" sizes=\"(max-width: 800px) 100vw, 800px\" \/>\t\t\t\t\t\t\t\t\t\t\t\t\t\t\t<\/div>\n\t\t\t\t<\/div>\n\t\t\t\t<\/div>\n\t\t\t\t\t<\/div>\n\t\t\t\t<\/div>\n\t\t<div class=\"elementor-element elementor-element-9c54ce6 e-flex e-con-boxed e-con e-parent\" data-id=\"9c54ce6\" data-element_type=\"container\" data-e-type=\"container\" data-settings=\"{&quot;background_background&quot;:&quot;classic&quot;}\">\n\t\t\t\t\t<div class=\"e-con-inner\">\n\t\t<div class=\"elementor-element elementor-element-982c100 e-flex e-con-boxed e-con e-child\" data-id=\"982c100\" data-element_type=\"container\" data-e-type=\"container\">\n\t\t\t\t\t<div class=\"e-con-inner\">\n\t\t<div class=\"elementor-element elementor-element-d344e1a e-con-full e-flex e-con e-child\" data-id=\"d344e1a\" data-element_type=\"container\" data-e-type=\"container\">\n\t\t\t\t<div class=\"elementor-element elementor-element-1afe7c0 elementor-widget elementor-widget-spacer\" data-id=\"1afe7c0\" data-element_type=\"widget\" data-e-type=\"widget\" data-widget_type=\"spacer.default\">\n\t\t\t\t<div class=\"elementor-widget-container\">\n\t\t\t\t\t\t\t<div class=\"elementor-spacer\">\n\t\t\t<div class=\"elementor-spacer-inner\"><\/div>\n\t\t<\/div>\n\t\t\t\t\t\t<\/div>\n\t\t\t\t<\/div>\n\t\t\t\t<div class=\"elementor-element elementor-element-b983517 elementor-widget elementor-widget-text-editor\" data-id=\"b983517\" data-element_type=\"widget\" data-e-type=\"widget\" data-widget_type=\"text-editor.default\">\n\t\t\t\t<div class=\"elementor-widget-container\">\n\t\t\t\t\t\t\t\t\t<h3 style=\"text-align: left;\">Dimac Care<\/h3>\t\t\t\t\t\t\t\t<\/div>\n\t\t\t\t<\/div>\n\t\t\t\t<\/div>\n\t\t<div class=\"elementor-element elementor-element-93b0b1f e-con-full e-flex e-con e-child\" data-id=\"93b0b1f\" data-element_type=\"container\" data-e-type=\"container\">\n\t\t<div class=\"elementor-element elementor-element-8b1564f e-con-full e-grid e-con e-child\" data-id=\"8b1564f\" data-element_type=\"container\" data-e-type=\"container\">\n\t\t<div class=\"elementor-element elementor-element-19b40df e-flex e-con-boxed e-con e-child\" data-id=\"19b40df\" data-element_type=\"container\" data-e-type=\"container\">\n\t\t\t\t\t<div class=\"e-con-inner\">\n\t\t\t\t<div class=\"elementor-element elementor-element-a7b09c6 animated-fast elementor-invisible elementor-widget elementor-widget-image\" data-id=\"a7b09c6\" data-element_type=\"widget\" data-e-type=\"widget\" data-settings=\"{&quot;_animation&quot;:&quot;zoomIn&quot;}\" data-widget_type=\"image.default\">\n\t\t\t\t<div class=\"elementor-widget-container\">\n\t\t\t\t\t\t\t\t\t\t\t\t\t\t\t<img decoding=\"async\" width=\"150\" height=\"150\" data-src=\"https:\/\/www.dimacsrl.com\/wp-content\/uploads\/2024\/06\/icone__Tavola-disegno-1-copia-19.webp\" class=\"attachment-full size-full wp-image-17293 lazyload\" alt=\"\" src=\"data:image\/svg+xml;base64,PHN2ZyB3aWR0aD0iMSIgaGVpZ2h0PSIxIiB4bWxucz0iaHR0cDovL3d3dy53My5vcmcvMjAwMC9zdmciPjwvc3ZnPg==\" style=\"--smush-placeholder-width: 150px; --smush-placeholder-aspect-ratio: 150\/150;\" \/>\t\t\t\t\t\t\t\t\t\t\t\t\t\t\t<\/div>\n\t\t\t\t<\/div>\n\t\t\t\t<div class=\"elementor-element elementor-element-4c4ef9e elementor-widget elementor-widget-text-editor\" data-id=\"4c4ef9e\" data-element_type=\"widget\" data-e-type=\"widget\" data-widget_type=\"text-editor.default\">\n\t\t\t\t<div class=\"elementor-widget-container\">\n\t\t\t\t\t\t\t\t\t<p style=\"text-align: center;\"><strong>PERIODIC <br \/>ONSITE VISIT<\/strong><\/p>\t\t\t\t\t\t\t\t<\/div>\n\t\t\t\t<\/div>\n\t\t\t\t\t<\/div>\n\t\t\t\t<\/div>\n\t\t<div class=\"elementor-element elementor-element-a3481c9 e-flex e-con-boxed e-con e-child\" data-id=\"a3481c9\" data-element_type=\"container\" data-e-type=\"container\">\n\t\t\t\t\t<div class=\"e-con-inner\">\n\t\t\t\t<div class=\"elementor-element elementor-element-501c1d7 animated-fast elementor-invisible elementor-widget elementor-widget-image\" data-id=\"501c1d7\" data-element_type=\"widget\" data-e-type=\"widget\" data-settings=\"{&quot;_animation&quot;:&quot;zoomIn&quot;}\" data-widget_type=\"image.default\">\n\t\t\t\t<div class=\"elementor-widget-container\">\n\t\t\t\t\t\t\t\t\t\t\t\t\t\t\t<img decoding=\"async\" width=\"150\" height=\"150\" data-src=\"https:\/\/www.dimacsrl.com\/wp-content\/uploads\/2024\/06\/icone__Tavola-disegno-1-copia-20.webp\" class=\"attachment-full size-full wp-image-17294 lazyload\" alt=\"\" src=\"data:image\/svg+xml;base64,PHN2ZyB3aWR0aD0iMSIgaGVpZ2h0PSIxIiB4bWxucz0iaHR0cDovL3d3dy53My5vcmcvMjAwMC9zdmciPjwvc3ZnPg==\" style=\"--smush-placeholder-width: 150px; --smush-placeholder-aspect-ratio: 150\/150;\" \/>\t\t\t\t\t\t\t\t\t\t\t\t\t\t\t<\/div>\n\t\t\t\t<\/div>\n\t\t\t\t<div class=\"elementor-element elementor-element-89886cf elementor-widget elementor-widget-text-editor\" data-id=\"89886cf\" data-element_type=\"widget\" data-e-type=\"widget\" data-widget_type=\"text-editor.default\">\n\t\t\t\t<div class=\"elementor-widget-container\">\n\t\t\t\t\t\t\t\t\t<p style=\"text-align: center;\"><b>COMPLETED BY <br \/>REMOTE SERVICE<\/b><\/p>\t\t\t\t\t\t\t\t<\/div>\n\t\t\t\t<\/div>\n\t\t\t\t\t<\/div>\n\t\t\t\t<\/div>\n\t\t<div class=\"elementor-element elementor-element-594ad30 e-flex e-con-boxed e-con e-child\" data-id=\"594ad30\" data-element_type=\"container\" data-e-type=\"container\">\n\t\t\t\t\t<div class=\"e-con-inner\">\n\t\t\t\t<div class=\"elementor-element elementor-element-259c77e animated-fast elementor-invisible elementor-widget elementor-widget-image\" data-id=\"259c77e\" data-element_type=\"widget\" data-e-type=\"widget\" data-settings=\"{&quot;_animation&quot;:&quot;zoomIn&quot;}\" data-widget_type=\"image.default\">\n\t\t\t\t<div class=\"elementor-widget-container\">\n\t\t\t\t\t\t\t\t\t\t\t\t\t\t\t<img decoding=\"async\" width=\"150\" height=\"150\" data-src=\"https:\/\/www.dimacsrl.com\/wp-content\/uploads\/2024\/06\/icone__Tavola-disegno-1-copia-29.webp\" class=\"attachment-full size-full wp-image-17303 lazyload\" alt=\"\" src=\"data:image\/svg+xml;base64,PHN2ZyB3aWR0aD0iMSIgaGVpZ2h0PSIxIiB4bWxucz0iaHR0cDovL3d3dy53My5vcmcvMjAwMC9zdmciPjwvc3ZnPg==\" style=\"--smush-placeholder-width: 150px; --smush-placeholder-aspect-ratio: 150\/150;\" \/>\t\t\t\t\t\t\t\t\t\t\t\t\t\t\t<\/div>\n\t\t\t\t<\/div>\n\t\t\t\t<div class=\"elementor-element elementor-element-6656583 elementor-widget elementor-widget-text-editor\" data-id=\"6656583\" data-element_type=\"widget\" data-e-type=\"widget\" data-widget_type=\"text-editor.default\">\n\t\t\t\t<div class=\"elementor-widget-container\">\n\t\t\t\t\t\t\t\t\t<p style=\"text-align: center;\"><strong>MATCHABLE WITH <\/strong><br \/><strong>METROLOGICAL <\/strong><br \/><strong>VERIFICATION<\/strong><\/p>\t\t\t\t\t\t\t\t<\/div>\n\t\t\t\t<\/div>\n\t\t\t\t\t<\/div>\n\t\t\t\t<\/div>\n\t\t\t\t<\/div>\n\t\t\t\t<div class=\"elementor-element elementor-element-1b51196 elementor-widget elementor-widget-text-editor\" data-id=\"1b51196\" data-element_type=\"widget\" data-e-type=\"widget\" data-widget_type=\"text-editor.default\">\n\t\t\t\t<div class=\"elementor-widget-container\">\n\t\t\t\t\t\t\t\t\t<h6 style=\"text-align: left;\"><strong>Keep your machines running efficiently with the Dimac maintenance program<\/strong><\/h6>\t\t\t\t\t\t\t\t<\/div>\n\t\t\t\t<\/div>\n\t\t\t\t<div class=\"elementor-element elementor-element-d77ad3e elementor-widget elementor-widget-text-editor\" data-id=\"d77ad3e\" data-element_type=\"widget\" data-e-type=\"widget\" data-widget_type=\"text-editor.default\">\n\t\t\t\t<div class=\"elementor-widget-container\">\n\t\t\t\t\t\t\t\t\t<p><strong>Dimac Care is a maintenance plan<\/strong> conceived as an extension of the machine&#8217;s characteristics. It represents an ideal completion of the product in terms of service and quality at a fixed and convenient price.<\/p>\t\t\t\t\t\t\t\t<\/div>\n\t\t\t\t<\/div>\n\t\t\t\t<div class=\"elementor-element elementor-element-8accf61 elementor-widget elementor-widget-text-editor\" data-id=\"8accf61\" data-element_type=\"widget\" data-e-type=\"widget\" data-widget_type=\"text-editor.default\">\n\t\t\t\t<div class=\"elementor-widget-container\">\n\t\t\t\t\t\t\t\t\t<h6><strong>This package includes:<\/strong><\/h6><ul><li><p>Visit of a Dimac technician to your site.<\/p><\/li><li><p><span style=\"background-color: transparent; color: var( --e-global-color-text ); font-family: var( --e-global-typography-text-font-family ), Sans-serif; font-weight: var( --e-global-typography-text-font-weight ); text-align: var(--text-align);\">General check-up of the machine: parts feeding system \u2013 control stations conditions and setup \u2013 Parts evacuation in batches \u2013 Electric cabinet and plants.<\/span><\/p><\/li><li><p>Check-up of the safety devices and signalization systems.<\/p><\/li><li><p>Electric plant and pneumatic plant check with efficiency verification.<\/p><\/li><li><p>Check-up of any sensors, probes, motors, and controllers.<\/p><\/li><li><p>Vision system full check-up: Cameras \u2013 Optics \u2013 Illumination devices \u2013 Electronic controllers.<\/p><\/li><li><p>Remote connection check-up with the vision system controller, hard-disk cleaning and defrag data files, and image backup with optimization of the system configuration.<\/p><\/li><\/ul>\t\t\t\t\t\t\t\t<\/div>\n\t\t\t\t<\/div>\n\t\t\t\t<\/div>\n\t\t\t\t\t<\/div>\n\t\t\t\t<\/div>\n\t\t\t\t<div class=\"elementor-element elementor-element-685ef2c elementor-widget elementor-widget-video\" data-id=\"685ef2c\" data-element_type=\"widget\" data-e-type=\"widget\" data-settings=\"{&quot;youtube_url&quot;:&quot;https:\\\/\\\/youtu.be\\\/9KT2akcNZKc&quot;,&quot;autoplay&quot;:&quot;yes&quot;,&quot;mute&quot;:&quot;yes&quot;,&quot;loop&quot;:&quot;yes&quot;,&quot;video_type&quot;:&quot;youtube&quot;,&quot;controls&quot;:&quot;yes&quot;}\" data-widget_type=\"video.default\">\n\t\t\t\t<div class=\"elementor-widget-container\">\n\t\t\t\t\t\t\t<div class=\"elementor-wrapper elementor-open-inline\">\n\t\t\t<div class=\"elementor-video\"><\/div>\t\t<\/div>\n\t\t\t\t\t\t<\/div>\n\t\t\t\t<\/div>\n\t\t\t\t<div class=\"elementor-element elementor-element-44374c4 elementor-widget elementor-widget-spacer\" data-id=\"44374c4\" data-element_type=\"widget\" data-e-type=\"widget\" data-widget_type=\"spacer.default\">\n\t\t\t\t<div class=\"elementor-widget-container\">\n\t\t\t\t\t\t\t<div class=\"elementor-spacer\">\n\t\t\t<div class=\"elementor-spacer-inner\"><\/div>\n\t\t<\/div>\n\t\t\t\t\t\t<\/div>\n\t\t\t\t<\/div>\n\t\t\t\t\t<\/div>\n\t\t\t\t<\/div>\n\t\t\t\t<\/div>\n\t\t","protected":false},"excerpt":{"rendered":"<p>Eles garantem o desempenho e a confiabilidade de sua inspe\u00e7\u00e3o 100% para satisfazer as expectativas de seus clientes, minimizando o tempo de inatividade.<\/p>","protected":false},"author":1,"featured_media":0,"parent":0,"menu_order":0,"comment_status":"closed","ping_status":"closed","template":"","meta":{"_monsterinsights_skip_tracking":false,"_monsterinsights_sitenote_active":false,"_monsterinsights_sitenote_note":"","_monsterinsights_sitenote_category":0,"footnotes":""},"class_list":["post-15874","page","type-page","status-publish","hentry"],"yoast_head":"<!-- This site is optimized with the Yoast SEO plugin v27.4 - https:\/\/yoast.com\/product\/yoast-seo-wordpress\/ -->\n<title>Maintenance programs | DIMAC<\/title>\n<meta name=\"description\" content=\"Ensure optimal performance with our maintenance programs: tailored support, regular updates, and expert care for your inspection systems\" \/>\n<meta name=\"robots\" content=\"index, follow, max-snippet:-1, max-image-preview:large, max-video-preview:-1\" \/>\n<link rel=\"canonical\" href=\"https:\/\/www.dimacsrl.com\/pt\/programas-de-manutencao\/\" \/>\n<meta property=\"og:locale\" content=\"pt_BR\" \/>\n<meta property=\"og:type\" content=\"article\" \/>\n<meta property=\"og:title\" content=\"Maintenance programs | DIMAC\" \/>\n<meta property=\"og:description\" content=\"Ensure optimal performance with our maintenance programs: tailored support, regular updates, and expert care for your inspection systems\" \/>\n<meta property=\"og:url\" content=\"https:\/\/www.dimacsrl.com\/pt\/programas-de-manutencao\/\" \/>\n<meta property=\"og:site_name\" content=\"Dimac - Automatic Quality Control Systems\" \/>\n<meta property=\"article:modified_time\" content=\"2025-10-16T07:59:07+00:00\" \/>\n<meta property=\"og:image\" content=\"https:\/\/www.dimacsrl.com\/wp-content\/uploads\/2024\/06\/programmi-manutenzione-1.webp\" \/>\n<meta name=\"twitter:card\" content=\"summary_large_image\" \/>\n<meta name=\"twitter:label1\" content=\"Est. tempo de leitura\" \/>\n\t<meta name=\"twitter:data1\" content=\"2 minutos\" \/>\n<script type=\"application\/ld+json\" class=\"yoast-schema-graph\">{\"@context\":\"https:\\\/\\\/schema.org\",\"@graph\":[{\"@type\":\"WebPage\",\"@id\":\"https:\\\/\\\/www.dimacsrl.com\\\/maintenance-programs\\\/\",\"url\":\"https:\\\/\\\/www.dimacsrl.com\\\/maintenance-programs\\\/\",\"name\":\"Maintenance programs | DIMAC\",\"isPartOf\":{\"@id\":\"https:\\\/\\\/www.dimacsrl.com\\\/#website\"},\"primaryImageOfPage\":{\"@id\":\"https:\\\/\\\/www.dimacsrl.com\\\/maintenance-programs\\\/#primaryimage\"},\"image\":{\"@id\":\"https:\\\/\\\/www.dimacsrl.com\\\/maintenance-programs\\\/#primaryimage\"},\"thumbnailUrl\":\"https:\\\/\\\/www.dimacsrl.com\\\/wp-content\\\/uploads\\\/2024\\\/06\\\/programmi-manutenzione-1.webp\",\"datePublished\":\"2024-05-27T14:22:39+00:00\",\"dateModified\":\"2025-10-16T07:59:07+00:00\",\"description\":\"Ensure optimal performance with our maintenance programs: tailored support, regular updates, and expert care for your inspection systems\",\"breadcrumb\":{\"@id\":\"https:\\\/\\\/www.dimacsrl.com\\\/maintenance-programs\\\/#breadcrumb\"},\"inLanguage\":\"pt-BR\",\"potentialAction\":[{\"@type\":\"ReadAction\",\"target\":[\"https:\\\/\\\/www.dimacsrl.com\\\/maintenance-programs\\\/\"]}]},{\"@type\":\"ImageObject\",\"inLanguage\":\"pt-BR\",\"@id\":\"https:\\\/\\\/www.dimacsrl.com\\\/maintenance-programs\\\/#primaryimage\",\"url\":\"https:\\\/\\\/www.dimacsrl.com\\\/wp-content\\\/uploads\\\/2024\\\/06\\\/programmi-manutenzione-1.webp\",\"contentUrl\":\"https:\\\/\\\/www.dimacsrl.com\\\/wp-content\\\/uploads\\\/2024\\\/06\\\/programmi-manutenzione-1.webp\"},{\"@type\":\"BreadcrumbList\",\"@id\":\"https:\\\/\\\/www.dimacsrl.com\\\/maintenance-programs\\\/#breadcrumb\",\"itemListElement\":[{\"@type\":\"ListItem\",\"position\":1,\"name\":\"Home\",\"item\":\"https:\\\/\\\/www.dimacsrl.com\\\/\"},{\"@type\":\"ListItem\",\"position\":2,\"name\":\"Maintenance Programs\"}]},{\"@type\":\"WebSite\",\"@id\":\"https:\\\/\\\/www.dimacsrl.com\\\/#website\",\"url\":\"https:\\\/\\\/www.dimacsrl.com\\\/\",\"name\":\"Dimac - Automatic Quality Control Systems\",\"description\":\"Automatic quality control systems - 100% sorting &amp; spc of metal parts\",\"publisher\":{\"@id\":\"https:\\\/\\\/www.dimacsrl.com\\\/#organization\"},\"potentialAction\":[{\"@type\":\"SearchAction\",\"target\":{\"@type\":\"EntryPoint\",\"urlTemplate\":\"https:\\\/\\\/www.dimacsrl.com\\\/?s={search_term_string}\"},\"query-input\":{\"@type\":\"PropertyValueSpecification\",\"valueRequired\":true,\"valueName\":\"search_term_string\"}}],\"inLanguage\":\"pt-BR\"},{\"@type\":\"Organization\",\"@id\":\"https:\\\/\\\/www.dimacsrl.com\\\/#organization\",\"name\":\"Dimac - Automatic Quality Control Systems\",\"url\":\"https:\\\/\\\/www.dimacsrl.com\\\/\",\"logo\":{\"@type\":\"ImageObject\",\"inLanguage\":\"pt-BR\",\"@id\":\"https:\\\/\\\/www.dimacsrl.com\\\/#\\\/schema\\\/logo\\\/image\\\/\",\"url\":\"https:\\\/\\\/www.dimacsrl.com\\\/wp-content\\\/uploads\\\/2024\\\/04\\\/logo-Dimac-100-small.png\",\"contentUrl\":\"https:\\\/\\\/www.dimacsrl.com\\\/wp-content\\\/uploads\\\/2024\\\/04\\\/logo-Dimac-100-small.png\",\"width\":166,\"height\":67,\"caption\":\"Dimac - Automatic Quality Control Systems\"},\"image\":{\"@id\":\"https:\\\/\\\/www.dimacsrl.com\\\/#\\\/schema\\\/logo\\\/image\\\/\"}}]}<\/script>\n<!-- \/ Yoast SEO plugin. -->","yoast_head_json":{"title":"Programas de manuten\u00e7\u00e3o | DIMAC","description":"Garanta o desempenho ideal com nossos programas de manuten\u00e7\u00e3o: suporte personalizado, atualiza\u00e7\u00f5es regulares e cuidados especializados para seus sistemas de inspe\u00e7\u00e3o","robots":{"index":"index","follow":"follow","max-snippet":"max-snippet:-1","max-image-preview":"max-image-preview:large","max-video-preview":"max-video-preview:-1"},"canonical":"https:\/\/www.dimacsrl.com\/pt\/programas-de-manutencao\/","og_locale":"pt_BR","og_type":"article","og_title":"Maintenance programs | DIMAC","og_description":"Ensure optimal performance with our maintenance programs: tailored support, regular updates, and expert care for your inspection systems","og_url":"https:\/\/www.dimacsrl.com\/pt\/programas-de-manutencao\/","og_site_name":"Dimac - Automatic Quality Control Systems","article_modified_time":"2025-10-16T07:59:07+00:00","og_image":[{"url":"https:\/\/www.dimacsrl.com\/wp-content\/uploads\/2024\/06\/programmi-manutenzione-1.webp","type":"","width":"","height":""}],"twitter_card":"summary_large_image","twitter_misc":{"Est. tempo de leitura":"2 minutos"},"schema":{"@context":"https:\/\/schema.org","@graph":[{"@type":"WebPage","@id":"https:\/\/www.dimacsrl.com\/maintenance-programs\/","url":"https:\/\/www.dimacsrl.com\/maintenance-programs\/","name":"Programas de manuten\u00e7\u00e3o | DIMAC","isPartOf":{"@id":"https:\/\/www.dimacsrl.com\/#website"},"primaryImageOfPage":{"@id":"https:\/\/www.dimacsrl.com\/maintenance-programs\/#primaryimage"},"image":{"@id":"https:\/\/www.dimacsrl.com\/maintenance-programs\/#primaryimage"},"thumbnailUrl":"https:\/\/www.dimacsrl.com\/wp-content\/uploads\/2024\/06\/programmi-manutenzione-1.webp","datePublished":"2024-05-27T14:22:39+00:00","dateModified":"2025-10-16T07:59:07+00:00","description":"Garanta o desempenho ideal com nossos programas de manuten\u00e7\u00e3o: suporte personalizado, atualiza\u00e7\u00f5es regulares e cuidados especializados para seus sistemas de inspe\u00e7\u00e3o","breadcrumb":{"@id":"https:\/\/www.dimacsrl.com\/maintenance-programs\/#breadcrumb"},"inLanguage":"pt-BR","potentialAction":[{"@type":"ReadAction","target":["https:\/\/www.dimacsrl.com\/maintenance-programs\/"]}]},{"@type":"ImageObject","inLanguage":"pt-BR","@id":"https:\/\/www.dimacsrl.com\/maintenance-programs\/#primaryimage","url":"https:\/\/www.dimacsrl.com\/wp-content\/uploads\/2024\/06\/programmi-manutenzione-1.webp","contentUrl":"https:\/\/www.dimacsrl.com\/wp-content\/uploads\/2024\/06\/programmi-manutenzione-1.webp"},{"@type":"BreadcrumbList","@id":"https:\/\/www.dimacsrl.com\/maintenance-programs\/#breadcrumb","itemListElement":[{"@type":"ListItem","position":1,"name":"Home","item":"https:\/\/www.dimacsrl.com\/"},{"@type":"ListItem","position":2,"name":"Maintenance Programs"}]},{"@type":"WebSite","@id":"https:\/\/www.dimacsrl.com\/#website","url":"https:\/\/www.dimacsrl.com\/","name":"Dimac - Sistemas autom\u00e1ticos de controle de qualidade","description":"Sistemas autom\u00e1ticos de controle de qualidade - 100% classifica\u00e7\u00e3o e spc de pe\u00e7as met\u00e1licas","publisher":{"@id":"https:\/\/www.dimacsrl.com\/#organization"},"potentialAction":[{"@type":"SearchAction","target":{"@type":"EntryPoint","urlTemplate":"https:\/\/www.dimacsrl.com\/?s={search_term_string}"},"query-input":{"@type":"PropertyValueSpecification","valueRequired":true,"valueName":"search_term_string"}}],"inLanguage":"pt-BR"},{"@type":"Organization","@id":"https:\/\/www.dimacsrl.com\/#organization","name":"Dimac - Sistemas autom\u00e1ticos de controle de qualidade","url":"https:\/\/www.dimacsrl.com\/","logo":{"@type":"ImageObject","inLanguage":"pt-BR","@id":"https:\/\/www.dimacsrl.com\/#\/schema\/logo\/image\/","url":"https:\/\/www.dimacsrl.com\/wp-content\/uploads\/2024\/04\/logo-Dimac-100-small.png","contentUrl":"https:\/\/www.dimacsrl.com\/wp-content\/uploads\/2024\/04\/logo-Dimac-100-small.png","width":166,"height":67,"caption":"Dimac - Automatic Quality Control Systems"},"image":{"@id":"https:\/\/www.dimacsrl.com\/#\/schema\/logo\/image\/"}}]}},"_links":{"self":[{"href":"https:\/\/www.dimacsrl.com\/pt\/wp-json\/wp\/v2\/pages\/15874","targetHints":{"allow":["GET"]}}],"collection":[{"href":"https:\/\/www.dimacsrl.com\/pt\/wp-json\/wp\/v2\/pages"}],"about":[{"href":"https:\/\/www.dimacsrl.com\/pt\/wp-json\/wp\/v2\/types\/page"}],"author":[{"embeddable":true,"href":"https:\/\/www.dimacsrl.com\/pt\/wp-json\/wp\/v2\/users\/1"}],"replies":[{"embeddable":true,"href":"https:\/\/www.dimacsrl.com\/pt\/wp-json\/wp\/v2\/comments?post=15874"}],"version-history":[{"count":256,"href":"https:\/\/www.dimacsrl.com\/pt\/wp-json\/wp\/v2\/pages\/15874\/revisions"}],"predecessor-version":[{"id":30443,"href":"https:\/\/www.dimacsrl.com\/pt\/wp-json\/wp\/v2\/pages\/15874\/revisions\/30443"}],"wp:attachment":[{"href":"https:\/\/www.dimacsrl.com\/pt\/wp-json\/wp\/v2\/media?parent=15874"}],"curies":[{"name":"wp","href":"https:\/\/api.w.org\/{rel}","templated":true}]}}