{"id":16948,"date":"2024-06-07T10:45:45","date_gmt":"2024-06-07T08:45:45","guid":{"rendered":"https:\/\/www.test.dimacsrl.com\/?page_id=16948"},"modified":"2025-10-16T10:33:28","modified_gmt":"2025-10-16T08:33:28","slug":"suporte","status":"publish","type":"page","link":"https:\/\/www.dimacsrl.com\/pt\/support\/","title":{"rendered":"Suporte"},"content":{"rendered":"\t\t<div data-elementor-type=\"wp-page\" data-elementor-id=\"16948\" class=\"elementor elementor-16948\" data-elementor-post-type=\"page\">\n\t\t\t\t<div class=\"elementor-element elementor-element-ab48a19 e-flex e-con-boxed e-con e-parent\" data-id=\"ab48a19\" data-element_type=\"container\" data-e-type=\"container\" data-settings=\"{&quot;sticky_on&quot;:[&quot;desktop&quot;,&quot;tablet&quot;],&quot;sticky&quot;:&quot;top&quot;,&quot;sticky_offset&quot;:0,&quot;sticky_effects_offset&quot;:0,&quot;sticky_anchor_link_offset&quot;:0}\">\n\t\t\t\t\t<div class=\"e-con-inner\">\n\t\t<div class=\"elementor-element elementor-element-328ea99 e-con-full e-flex e-con e-child\" data-id=\"328ea99\" data-element_type=\"container\" data-e-type=\"container\">\n\t\t\t\t<div class=\"elementor-element elementor-element-5073e79 elementor-hidden-mobile elementor-widget elementor-widget-spacer\" data-id=\"5073e79\" data-element_type=\"widget\" data-e-type=\"widget\" data-widget_type=\"spacer.default\">\n\t\t\t\t<div class=\"elementor-widget-container\">\n\t\t\t\t\t\t\t<div class=\"elementor-spacer\">\n\t\t\t<div class=\"elementor-spacer-inner\"><\/div>\n\t\t<\/div>\n\t\t\t\t\t\t<\/div>\n\t\t\t\t<\/div>\n\t\t\t\t<div class=\"elementor-element elementor-element-7936583 elementor-widget elementor-widget-text-editor\" data-id=\"7936583\" data-element_type=\"widget\" data-e-type=\"widget\" data-widget_type=\"text-editor.default\">\n\t\t\t\t<div class=\"elementor-widget-container\">\n\t\t\t\t\t\t\t\t\t<div><h2>Support<\/h2><\/div>\t\t\t\t\t\t\t\t<\/div>\n\t\t\t\t<\/div>\n\t\t\t\t<div class=\"elementor-element elementor-element-3dac622 elementor-widget elementor-widget-text-editor\" data-id=\"3dac622\" data-element_type=\"widget\" data-e-type=\"widget\" data-widget_type=\"text-editor.default\">\n\t\t\t\t<div class=\"elementor-widget-container\">\n\t\t\t\t\t\t\t\t\t<h1>Never stop control<\/h1>\t\t\t\t\t\t\t\t<\/div>\n\t\t\t\t<\/div>\n\t\t\t\t<div class=\"elementor-element elementor-element-fe25ed7 elementor-widget-divider--view-line elementor-widget elementor-widget-divider\" data-id=\"fe25ed7\" data-element_type=\"widget\" data-e-type=\"widget\" data-widget_type=\"divider.default\">\n\t\t\t\t<div class=\"elementor-widget-container\">\n\t\t\t\t\t\t\t<div class=\"elementor-divider\">\n\t\t\t<span class=\"elementor-divider-separator\">\n\t\t\t\t\t\t<\/span>\n\t\t<\/div>\n\t\t\t\t\t\t<\/div>\n\t\t\t\t<\/div>\n\t\t\t\t<div class=\"elementor-element elementor-element-b108c6e elementor-widget elementor-widget-text-editor\" data-id=\"b108c6e\" data-element_type=\"widget\" data-e-type=\"widget\" data-widget_type=\"text-editor.default\">\n\t\t\t\t<div class=\"elementor-widget-container\">\n\t\t\t\t\t\t\t\t\t<h6><strong>CONNECTED WITH OUR CUSTOMERS WORLDWIDE<\/strong><\/h6><p>Our team of skilled technicians provides assistance and answers within minutes, while also organizing the delivery of spare parts<\/p>\t\t\t\t\t\t\t\t<\/div>\n\t\t\t\t<\/div>\n\t\t\t\t<\/div>\n\t\t<div class=\"elementor-element elementor-element-507c826 e-con-full e-flex elementor-invisible e-con e-child\" data-id=\"507c826\" data-element_type=\"container\" data-e-type=\"container\" data-settings=\"{&quot;animation&quot;:&quot;fadeIn&quot;}\">\n\t\t\t\t<div class=\"elementor-element elementor-element-823b2e0 elementor-widget elementor-widget-image\" data-id=\"823b2e0\" data-element_type=\"widget\" data-e-type=\"widget\" data-widget_type=\"image.default\">\n\t\t\t\t<div class=\"elementor-widget-container\">\n\t\t\t\t\t\t\t\t\t\t\t\t\t\t\t<img fetchpriority=\"high\" decoding=\"async\" width=\"800\" height=\"800\" src=\"https:\/\/www.dimacsrl.com\/wp-content\/uploads\/2024\/06\/Dimac-technical-support.webp\" class=\"attachment-large size-large wp-image-17185\" alt=\"Dimac technician checking the machine\" srcset=\"https:\/\/www.dimacsrl.com\/wp-content\/uploads\/2024\/06\/Dimac-technical-support.webp 800w, https:\/\/www.dimacsrl.com\/wp-content\/uploads\/2024\/06\/Dimac-technical-support-300x300.webp 300w, https:\/\/www.dimacsrl.com\/wp-content\/uploads\/2024\/06\/Dimac-technical-support-150x150.webp 150w, https:\/\/www.dimacsrl.com\/wp-content\/uploads\/2024\/06\/Dimac-technical-support-768x768.webp 768w\" sizes=\"(max-width: 800px) 100vw, 800px\" \/>\t\t\t\t\t\t\t\t\t\t\t\t\t\t\t<\/div>\n\t\t\t\t<\/div>\n\t\t\t\t<\/div>\n\t\t\t\t\t<\/div>\n\t\t\t\t<\/div>\n\t\t<div class=\"elementor-element elementor-element-b17da97 e-flex e-con-boxed e-con e-parent\" data-id=\"b17da97\" data-element_type=\"container\" data-e-type=\"container\" data-settings=\"{&quot;background_background&quot;:&quot;classic&quot;}\">\n\t\t\t\t\t<div class=\"e-con-inner\">\n\t\t<div class=\"elementor-element elementor-element-decf565 e-con-full e-flex e-con e-child\" data-id=\"decf565\" data-element_type=\"container\" data-e-type=\"container\">\n\t\t\t\t<div class=\"elementor-element elementor-element-e274b6f elementor-widget elementor-widget-spacer\" data-id=\"e274b6f\" data-element_type=\"widget\" data-e-type=\"widget\" data-widget_type=\"spacer.default\">\n\t\t\t\t<div class=\"elementor-widget-container\">\n\t\t\t\t\t\t\t<div class=\"elementor-spacer\">\n\t\t\t<div class=\"elementor-spacer-inner\"><\/div>\n\t\t<\/div>\n\t\t\t\t\t\t<\/div>\n\t\t\t\t<\/div>\n\t\t\t\t<\/div>\n\t\t\t\t\t<\/div>\n\t\t\t\t<\/div>\n\t\t<div class=\"elementor-element elementor-element-d37179f e-flex e-con-boxed e-con e-parent\" data-id=\"d37179f\" data-element_type=\"container\" data-e-type=\"container\" data-settings=\"{&quot;background_background&quot;:&quot;classic&quot;}\">\n\t\t\t\t\t<div class=\"e-con-inner\">\n\t\t<div class=\"elementor-element elementor-element-605a7be e-con-full e-flex e-con e-child\" data-id=\"605a7be\" data-element_type=\"container\" data-e-type=\"container\">\n\t\t\t\t<div class=\"elementor-element elementor-element-5f46a8f elementor-widget elementor-widget-text-editor\" data-id=\"5f46a8f\" data-element_type=\"widget\" data-e-type=\"widget\" data-widget_type=\"text-editor.default\">\n\t\t\t\t<div class=\"elementor-widget-container\">\n\t\t\t\t\t\t\t\t\t<p><b>DIMAC S.R.L<br \/><\/b>S.S. N.10 per Voghera 93\/5\/D <br \/><span style=\"color: var( --e-global-color-text ); font-family: var( --e-global-typography-text-font-family ), Sans-serif; font-weight: var( --e-global-typography-text-font-weight ); text-align: var(--text-align);\">15057 Tortona (AL) Italy<\/span><\/p><hr \/><p><b>PHONE<\/b><br \/><a href=\"tel: 00390131863447\">0039-0131863447\u00a0<\/a><\/p><hr \/><p><b>EMAIL\u00a0<\/b><br \/><a href=\"mailto:info@dimacsrl.com\">service@dimacsrl.com<\/a><\/p><hr \/><p>\u00a0<\/p>\t\t\t\t\t\t\t\t<\/div>\n\t\t\t\t<\/div>\n\t\t\t\t<\/div>\n\t\t<div class=\"elementor-element elementor-element-8019717 e-con-full e-flex e-con e-child\" data-id=\"8019717\" data-element_type=\"container\" data-e-type=\"container\">\n\t\t\t\t<div class=\"elementor-element elementor-element-51c94f1 elementor-widget elementor-widget-text-editor\" data-id=\"51c94f1\" data-element_type=\"widget\" data-e-type=\"widget\" data-widget_type=\"text-editor.default\">\n\t\t\t\t<div class=\"elementor-widget-container\">\n\t\t\t\t\t\t\t\t\t<h4>Do you have any questions or concerns? <br \/>Contact us!<\/h4><p>Before contacting us, verify the power supply and that door safeties are properly closed.\u00a0Please have your machine&#8217;s serial number on hand before calling.<\/p><p>Our operators speak Italian, English, German, French and Spanish. If you need assistance in a different language you can ask to your agent.<\/p>\t\t\t\t\t\t\t\t<\/div>\n\t\t\t\t<\/div>\n\t\t\t\t<div class=\"elementor-element elementor-element-7489970 elementor-widget-divider--view-line elementor-widget elementor-widget-divider\" data-id=\"7489970\" data-element_type=\"widget\" data-e-type=\"widget\" data-widget_type=\"divider.default\">\n\t\t\t\t<div class=\"elementor-widget-container\">\n\t\t\t\t\t\t\t<div class=\"elementor-divider\">\n\t\t\t<span class=\"elementor-divider-separator\">\n\t\t\t\t\t\t<\/span>\n\t\t<\/div>\n\t\t\t\t\t\t<\/div>\n\t\t\t\t<\/div>\n\t\t\t\t<div class=\"elementor-element elementor-element-ea77a5e elementor-widget elementor-widget-text-editor\" data-id=\"ea77a5e\" data-element_type=\"widget\" data-e-type=\"widget\" data-widget_type=\"text-editor.default\">\n\t\t\t\t<div class=\"elementor-widget-container\">\n\t\t\t\t\t\t\t\t\t<h6><strong><span style=\"color: var( --e-global-color-text ); font-family: var( --e-global-typography-text-font-family ), Sans-serif; text-align: var(--text-align); background-color: var( --e-global-color-b7066f4 ); font-size: 15px;\">download rma form to request a\u00a0<\/span><span style=\"text-align: var(--text-align); background-color: var( --e-global-color-b7066f4 ); font-size: 15px;\">repair<\/span><\/strong><\/h6>\t\t\t\t\t\t\t\t<\/div>\n\t\t\t\t<\/div>\n\t\t\t\t<div class=\"elementor-element elementor-element-f5789c4 elementor-widget elementor-widget-button\" data-id=\"f5789c4\" data-element_type=\"widget\" data-e-type=\"widget\" data-widget_type=\"button.default\">\n\t\t\t\t<div class=\"elementor-widget-container\">\n\t\t\t\t\t\t\t\t\t<div class=\"elementor-button-wrapper\">\n\t\t\t\t\t<a class=\"elementor-button elementor-button-link elementor-size-sm\" href=\"https:\/\/www.dimacsrl.com\/wp-content\/uploads\/2024\/10\/RMA_Form_rev00_2024_09_03_EN.pdf\">\n\t\t\t\t\t\t<span class=\"elementor-button-content-wrapper\">\n\t\t\t\t\t\t<span class=\"elementor-button-icon\">\n\t\t\t\t<svg aria-hidden=\"true\" class=\"e-font-icon-svg e-fas-angle-double-right\" viewBox=\"0 0 448 512\" xmlns=\"http:\/\/www.w3.org\/2000\/svg\"><path d=\"M224.3 273l-136 136c-9.4 9.4-24.6 9.4-33.9 0l-22.6-22.6c-9.4-9.4-9.4-24.6 0-33.9l96.4-96.4-96.4-96.4c-9.4-9.4-9.4-24.6 0-33.9L54.3 103c9.4-9.4 24.6-9.4 33.9 0l136 136c9.5 9.4 9.5 24.6.1 34zm192-34l-136-136c-9.4-9.4-24.6-9.4-33.9 0l-22.6 22.6c-9.4 9.4-9.4 24.6 0 33.9l96.4 96.4-96.4 96.4c-9.4 9.4-9.4 24.6 0 33.9l22.6 22.6c9.4 9.4 24.6 9.4 33.9 0l136-136c9.4-9.2 9.4-24.4 0-33.8z\"><\/path><\/svg>\t\t\t<\/span>\n\t\t\t\t\t\t\t\t\t<span class=\"elementor-button-text\">RMA - ENG<\/span>\n\t\t\t\t\t<\/span>\n\t\t\t\t\t<\/a>\n\t\t\t\t<\/div>\n\t\t\t\t\t\t\t\t<\/div>\n\t\t\t\t<\/div>\n\t\t\t\t<div class=\"elementor-element elementor-element-8bf1c61 elementor-widget elementor-widget-button\" data-id=\"8bf1c61\" data-element_type=\"widget\" data-e-type=\"widget\" data-widget_type=\"button.default\">\n\t\t\t\t<div class=\"elementor-widget-container\">\n\t\t\t\t\t\t\t\t\t<div class=\"elementor-button-wrapper\">\n\t\t\t\t\t<a class=\"elementor-button elementor-button-link elementor-size-sm\" href=\"https:\/\/www.dimacsrl.com\/wp-content\/uploads\/2024\/10\/RMA_Form_rev00_2024_09_03_IT.pdf\">\n\t\t\t\t\t\t<span class=\"elementor-button-content-wrapper\">\n\t\t\t\t\t\t<span class=\"elementor-button-icon\">\n\t\t\t\t<svg aria-hidden=\"true\" class=\"e-font-icon-svg e-fas-angle-double-right\" viewBox=\"0 0 448 512\" xmlns=\"http:\/\/www.w3.org\/2000\/svg\"><path d=\"M224.3 273l-136 136c-9.4 9.4-24.6 9.4-33.9 0l-22.6-22.6c-9.4-9.4-9.4-24.6 0-33.9l96.4-96.4-96.4-96.4c-9.4-9.4-9.4-24.6 0-33.9L54.3 103c9.4-9.4 24.6-9.4 33.9 0l136 136c9.5 9.4 9.5 24.6.1 34zm192-34l-136-136c-9.4-9.4-24.6-9.4-33.9 0l-22.6 22.6c-9.4 9.4-9.4 24.6 0 33.9l96.4 96.4-96.4 96.4c-9.4 9.4-9.4 24.6 0 33.9l22.6 22.6c9.4 9.4 24.6 9.4 33.9 0l136-136c9.4-9.2 9.4-24.4 0-33.8z\"><\/path><\/svg>\t\t\t<\/span>\n\t\t\t\t\t\t\t\t\t<span class=\"elementor-button-text\">RMA - ITA<\/span>\n\t\t\t\t\t<\/span>\n\t\t\t\t\t<\/a>\n\t\t\t\t<\/div>\n\t\t\t\t\t\t\t\t<\/div>\n\t\t\t\t<\/div>\n\t\t\t\t<\/div>\n\t\t\t\t\t<\/div>\n\t\t\t\t<\/div>\n\t\t<div class=\"elementor-element elementor-element-39db610 e-flex e-con-boxed e-con e-parent\" data-id=\"39db610\" data-element_type=\"container\" data-e-type=\"container\" data-settings=\"{&quot;background_background&quot;:&quot;classic&quot;}\">\n\t\t\t\t\t<div class=\"e-con-inner\">\n\t\t\t\t<div class=\"elementor-element elementor-element-447c0b7 elementor-widget elementor-widget-spacer\" data-id=\"447c0b7\" data-element_type=\"widget\" data-e-type=\"widget\" data-widget_type=\"spacer.default\">\n\t\t\t\t<div class=\"elementor-widget-container\">\n\t\t\t\t\t\t\t<div class=\"elementor-spacer\">\n\t\t\t<div class=\"elementor-spacer-inner\"><\/div>\n\t\t<\/div>\n\t\t\t\t\t\t<\/div>\n\t\t\t\t<\/div>\n\t\t\t\t\t<\/div>\n\t\t\t\t<\/div>\n\t\t\t\t<\/div>\n\t\t","protected":false},"excerpt":{"rendered":"<p>Nossa equipe de t\u00e9cnicos especializados fornece assist\u00eancia e respostas em minutos, al\u00e9m de organizar a entrega de pe\u00e7as de reposi\u00e7\u00e3o<\/p>","protected":false},"author":1,"featured_media":0,"parent":0,"menu_order":2,"comment_status":"closed","ping_status":"closed","template":"","meta":{"_monsterinsights_skip_tracking":false,"_monsterinsights_sitenote_active":false,"_monsterinsights_sitenote_note":"","_monsterinsights_sitenote_category":0,"footnotes":""},"class_list":["post-16948","page","type-page","status-publish","hentry"],"yoast_head":"<!-- This site is optimized with the Yoast SEO plugin v27.4 - https:\/\/yoast.com\/product\/yoast-seo-wordpress\/ -->\n<title>Support | DIMAC<\/title>\n<meta name=\"description\" content=\"Expert assistance with Dimac&#039;s support services. From technical guidance to software updates, we ensure your systems run efficiently\" \/>\n<meta name=\"robots\" content=\"index, follow, max-snippet:-1, max-image-preview:large, max-video-preview:-1\" \/>\n<link rel=\"canonical\" href=\"https:\/\/www.dimacsrl.com\/pt\/suporte\/\" \/>\n<meta property=\"og:locale\" content=\"pt_BR\" \/>\n<meta property=\"og:type\" content=\"article\" \/>\n<meta property=\"og:title\" content=\"Support | DIMAC\" \/>\n<meta property=\"og:description\" content=\"Expert assistance with Dimac&#039;s support services. From technical guidance to software updates, we ensure your systems run efficiently\" \/>\n<meta property=\"og:url\" content=\"https:\/\/www.dimacsrl.com\/pt\/suporte\/\" \/>\n<meta property=\"og:site_name\" content=\"Dimac - Automatic Quality Control Systems\" \/>\n<meta property=\"article:modified_time\" content=\"2025-10-16T08:33:28+00:00\" \/>\n<meta property=\"og:image\" content=\"https:\/\/www.dimacsrl.com\/wp-content\/uploads\/2024\/06\/Dimac-technical-support.webp\" \/>\n<meta name=\"twitter:card\" content=\"summary_large_image\" \/>\n<meta name=\"twitter:label1\" content=\"Est. tempo de leitura\" \/>\n\t<meta name=\"twitter:data1\" content=\"1 minuto\" \/>\n<script type=\"application\/ld+json\" class=\"yoast-schema-graph\">{\"@context\":\"https:\\\/\\\/schema.org\",\"@graph\":[{\"@type\":\"WebPage\",\"@id\":\"https:\\\/\\\/www.dimacsrl.com\\\/support\\\/\",\"url\":\"https:\\\/\\\/www.dimacsrl.com\\\/support\\\/\",\"name\":\"Support | DIMAC\",\"isPartOf\":{\"@id\":\"https:\\\/\\\/www.dimacsrl.com\\\/#website\"},\"primaryImageOfPage\":{\"@id\":\"https:\\\/\\\/www.dimacsrl.com\\\/support\\\/#primaryimage\"},\"image\":{\"@id\":\"https:\\\/\\\/www.dimacsrl.com\\\/support\\\/#primaryimage\"},\"thumbnailUrl\":\"https:\\\/\\\/www.dimacsrl.com\\\/wp-content\\\/uploads\\\/2024\\\/06\\\/Dimac-technical-support.webp\",\"datePublished\":\"2024-06-07T08:45:45+00:00\",\"dateModified\":\"2025-10-16T08:33:28+00:00\",\"description\":\"Expert assistance with Dimac's support services. From technical guidance to software updates, we ensure your systems run efficiently\",\"breadcrumb\":{\"@id\":\"https:\\\/\\\/www.dimacsrl.com\\\/support\\\/#breadcrumb\"},\"inLanguage\":\"pt-BR\",\"potentialAction\":[{\"@type\":\"ReadAction\",\"target\":[\"https:\\\/\\\/www.dimacsrl.com\\\/support\\\/\"]}]},{\"@type\":\"ImageObject\",\"inLanguage\":\"pt-BR\",\"@id\":\"https:\\\/\\\/www.dimacsrl.com\\\/support\\\/#primaryimage\",\"url\":\"https:\\\/\\\/www.dimacsrl.com\\\/wp-content\\\/uploads\\\/2024\\\/06\\\/Dimac-technical-support.webp\",\"contentUrl\":\"https:\\\/\\\/www.dimacsrl.com\\\/wp-content\\\/uploads\\\/2024\\\/06\\\/Dimac-technical-support.webp\"},{\"@type\":\"BreadcrumbList\",\"@id\":\"https:\\\/\\\/www.dimacsrl.com\\\/support\\\/#breadcrumb\",\"itemListElement\":[{\"@type\":\"ListItem\",\"position\":1,\"name\":\"Home\",\"item\":\"https:\\\/\\\/www.dimacsrl.com\\\/\"},{\"@type\":\"ListItem\",\"position\":2,\"name\":\"Support\"}]},{\"@type\":\"WebSite\",\"@id\":\"https:\\\/\\\/www.dimacsrl.com\\\/#website\",\"url\":\"https:\\\/\\\/www.dimacsrl.com\\\/\",\"name\":\"Dimac - Automatic Quality Control Systems\",\"description\":\"Automatic quality control systems - 100% sorting &amp; spc of metal parts\",\"publisher\":{\"@id\":\"https:\\\/\\\/www.dimacsrl.com\\\/#organization\"},\"potentialAction\":[{\"@type\":\"SearchAction\",\"target\":{\"@type\":\"EntryPoint\",\"urlTemplate\":\"https:\\\/\\\/www.dimacsrl.com\\\/?s={search_term_string}\"},\"query-input\":{\"@type\":\"PropertyValueSpecification\",\"valueRequired\":true,\"valueName\":\"search_term_string\"}}],\"inLanguage\":\"pt-BR\"},{\"@type\":\"Organization\",\"@id\":\"https:\\\/\\\/www.dimacsrl.com\\\/#organization\",\"name\":\"Dimac - Automatic Quality Control Systems\",\"url\":\"https:\\\/\\\/www.dimacsrl.com\\\/\",\"logo\":{\"@type\":\"ImageObject\",\"inLanguage\":\"pt-BR\",\"@id\":\"https:\\\/\\\/www.dimacsrl.com\\\/#\\\/schema\\\/logo\\\/image\\\/\",\"url\":\"https:\\\/\\\/www.dimacsrl.com\\\/wp-content\\\/uploads\\\/2024\\\/04\\\/logo-Dimac-100-small.png\",\"contentUrl\":\"https:\\\/\\\/www.dimacsrl.com\\\/wp-content\\\/uploads\\\/2024\\\/04\\\/logo-Dimac-100-small.png\",\"width\":166,\"height\":67,\"caption\":\"Dimac - Automatic Quality Control Systems\"},\"image\":{\"@id\":\"https:\\\/\\\/www.dimacsrl.com\\\/#\\\/schema\\\/logo\\\/image\\\/\"}}]}<\/script>\n<!-- \/ Yoast SEO plugin. -->","yoast_head_json":{"title":"Suporte | DIMAC","description":"Assist\u00eancia especializada com os servi\u00e7os de suporte da Dimac. De orienta\u00e7\u00e3o t\u00e9cnica a atualiza\u00e7\u00f5es de software, garantimos que seus sistemas funcionem com efici\u00eancia","robots":{"index":"index","follow":"follow","max-snippet":"max-snippet:-1","max-image-preview":"max-image-preview:large","max-video-preview":"max-video-preview:-1"},"canonical":"https:\/\/www.dimacsrl.com\/pt\/suporte\/","og_locale":"pt_BR","og_type":"article","og_title":"Support | DIMAC","og_description":"Expert assistance with Dimac's support services. From technical guidance to software updates, we ensure your systems run efficiently","og_url":"https:\/\/www.dimacsrl.com\/pt\/suporte\/","og_site_name":"Dimac - Automatic Quality Control Systems","article_modified_time":"2025-10-16T08:33:28+00:00","og_image":[{"url":"https:\/\/www.dimacsrl.com\/wp-content\/uploads\/2024\/06\/Dimac-technical-support.webp","type":"","width":"","height":""}],"twitter_card":"summary_large_image","twitter_misc":{"Est. tempo de leitura":"1 minuto"},"schema":{"@context":"https:\/\/schema.org","@graph":[{"@type":"WebPage","@id":"https:\/\/www.dimacsrl.com\/support\/","url":"https:\/\/www.dimacsrl.com\/support\/","name":"Suporte | DIMAC","isPartOf":{"@id":"https:\/\/www.dimacsrl.com\/#website"},"primaryImageOfPage":{"@id":"https:\/\/www.dimacsrl.com\/support\/#primaryimage"},"image":{"@id":"https:\/\/www.dimacsrl.com\/support\/#primaryimage"},"thumbnailUrl":"https:\/\/www.dimacsrl.com\/wp-content\/uploads\/2024\/06\/Dimac-technical-support.webp","datePublished":"2024-06-07T08:45:45+00:00","dateModified":"2025-10-16T08:33:28+00:00","description":"Assist\u00eancia especializada com os servi\u00e7os de suporte da Dimac. De orienta\u00e7\u00e3o t\u00e9cnica a atualiza\u00e7\u00f5es de software, garantimos que seus sistemas funcionem com efici\u00eancia","breadcrumb":{"@id":"https:\/\/www.dimacsrl.com\/support\/#breadcrumb"},"inLanguage":"pt-BR","potentialAction":[{"@type":"ReadAction","target":["https:\/\/www.dimacsrl.com\/support\/"]}]},{"@type":"ImageObject","inLanguage":"pt-BR","@id":"https:\/\/www.dimacsrl.com\/support\/#primaryimage","url":"https:\/\/www.dimacsrl.com\/wp-content\/uploads\/2024\/06\/Dimac-technical-support.webp","contentUrl":"https:\/\/www.dimacsrl.com\/wp-content\/uploads\/2024\/06\/Dimac-technical-support.webp"},{"@type":"BreadcrumbList","@id":"https:\/\/www.dimacsrl.com\/support\/#breadcrumb","itemListElement":[{"@type":"ListItem","position":1,"name":"Home","item":"https:\/\/www.dimacsrl.com\/"},{"@type":"ListItem","position":2,"name":"Support"}]},{"@type":"WebSite","@id":"https:\/\/www.dimacsrl.com\/#website","url":"https:\/\/www.dimacsrl.com\/","name":"Dimac - Sistemas autom\u00e1ticos de controle de qualidade","description":"Sistemas autom\u00e1ticos de controle de qualidade - 100% classifica\u00e7\u00e3o e spc de pe\u00e7as met\u00e1licas","publisher":{"@id":"https:\/\/www.dimacsrl.com\/#organization"},"potentialAction":[{"@type":"SearchAction","target":{"@type":"EntryPoint","urlTemplate":"https:\/\/www.dimacsrl.com\/?s={search_term_string}"},"query-input":{"@type":"PropertyValueSpecification","valueRequired":true,"valueName":"search_term_string"}}],"inLanguage":"pt-BR"},{"@type":"Organization","@id":"https:\/\/www.dimacsrl.com\/#organization","name":"Dimac - Sistemas autom\u00e1ticos de controle de qualidade","url":"https:\/\/www.dimacsrl.com\/","logo":{"@type":"ImageObject","inLanguage":"pt-BR","@id":"https:\/\/www.dimacsrl.com\/#\/schema\/logo\/image\/","url":"https:\/\/www.dimacsrl.com\/wp-content\/uploads\/2024\/04\/logo-Dimac-100-small.png","contentUrl":"https:\/\/www.dimacsrl.com\/wp-content\/uploads\/2024\/04\/logo-Dimac-100-small.png","width":166,"height":67,"caption":"Dimac - Automatic Quality Control Systems"},"image":{"@id":"https:\/\/www.dimacsrl.com\/#\/schema\/logo\/image\/"}}]}},"_links":{"self":[{"href":"https:\/\/www.dimacsrl.com\/pt\/wp-json\/wp\/v2\/pages\/16948","targetHints":{"allow":["GET"]}}],"collection":[{"href":"https:\/\/www.dimacsrl.com\/pt\/wp-json\/wp\/v2\/pages"}],"about":[{"href":"https:\/\/www.dimacsrl.com\/pt\/wp-json\/wp\/v2\/types\/page"}],"author":[{"embeddable":true,"href":"https:\/\/www.dimacsrl.com\/pt\/wp-json\/wp\/v2\/users\/1"}],"replies":[{"embeddable":true,"href":"https:\/\/www.dimacsrl.com\/pt\/wp-json\/wp\/v2\/comments?post=16948"}],"version-history":[{"count":158,"href":"https:\/\/www.dimacsrl.com\/pt\/wp-json\/wp\/v2\/pages\/16948\/revisions"}],"predecessor-version":[{"id":30521,"href":"https:\/\/www.dimacsrl.com\/pt\/wp-json\/wp\/v2\/pages\/16948\/revisions\/30521"}],"wp:attachment":[{"href":"https:\/\/www.dimacsrl.com\/pt\/wp-json\/wp\/v2\/media?parent=16948"}],"curies":[{"name":"wp","href":"https:\/\/api.w.org\/{rel}","templated":true}]}}